{"id":10967,"date":"2023-01-30T23:43:27","date_gmt":"2023-01-30T22:43:27","guid":{"rendered":"https:\/\/ada-corporate.scalecommerce.cloud\/contact\/"},"modified":"2024-12-11T22:26:30","modified_gmt":"2024-12-11T21:26:30","slug":"contacto","status":"publish","type":"page","link":"https:\/\/ada-cosmetics.update.betacenter.net\/es\/contacto\/","title":{"rendered":"Contacto"},"content":{"rendered":"\n<div class=\"wpcf7 no-js\" id=\"wpcf7-f30070-o1\" lang=\"es-ES\" dir=\"ltr\" data-wpcf7-id=\"30070\">\n<div class=\"screen-reader-response\"><p role=\"status\" aria-live=\"polite\" aria-atomic=\"true\"><\/p> <ul><\/ul><\/div>\n<form action=\"\/es\/wp-json\/wp\/v2\/pages\/10967#wpcf7-f30070-o1\" method=\"post\" class=\"wpcf7-form init\" aria-label=\"Formulario de contacto\" novalidate=\"novalidate\" data-status=\"init\">\n<fieldset class=\"hidden-fields-container\"><input type=\"hidden\" name=\"_wpcf7\" value=\"30070\" \/><input type=\"hidden\" name=\"_wpcf7_version\" value=\"6.1\" \/><input type=\"hidden\" name=\"_wpcf7_locale\" value=\"es_ES\" \/><input type=\"hidden\" name=\"_wpcf7_unit_tag\" value=\"wpcf7-f30070-o1\" \/><input type=\"hidden\" name=\"_wpcf7_container_post\" value=\"0\" \/><input type=\"hidden\" name=\"_wpcf7_posted_data_hash\" value=\"\" \/><input type=\"hidden\" name=\"_wpcf7cf_hidden_group_fields\" value=\"[]\" \/><input type=\"hidden\" name=\"_wpcf7cf_hidden_groups\" value=\"[]\" \/><input type=\"hidden\" name=\"_wpcf7cf_visible_groups\" value=\"[]\" \/><input type=\"hidden\" name=\"_wpcf7cf_repeaters\" value=\"[]\" \/><input type=\"hidden\" name=\"_wpcf7cf_steps\" value=\"{}\" \/><input type=\"hidden\" name=\"_wpcf7cf_options\" value=\"{&quot;form_id&quot;:30070,&quot;conditions&quot;:[{&quot;then_field&quot;:&quot;opt12&quot;,&quot;and_rules&quot;:[{&quot;if_field&quot;:&quot;radio-962&quot;,&quot;operator&quot;:&quot;equals&quot;,&quot;if_value&quot;:&quot;Business Sales&quot;}]},{&quot;then_field&quot;:&quot;opt24&quot;,&quot;and_rules&quot;:[{&quot;if_field&quot;:&quot;radio-962&quot;,&quot;operator&quot;:&quot;equals&quot;,&quot;if_value&quot;:&quot;Business Sales&quot;}]},{&quot;then_field&quot;:&quot;opt24&quot;,&quot;and_rules&quot;:[{&quot;if_field&quot;:&quot;radio-962&quot;,&quot;operator&quot;:&quot;equals&quot;,&quot;if_value&quot;:&quot;Private Sales&quot;}]},{&quot;then_field&quot;:&quot;opt24&quot;,&quot;and_rules&quot;:[{&quot;if_field&quot;:&quot;radio-962&quot;,&quot;operator&quot;:&quot;equals&quot;,&quot;if_value&quot;:&quot;Press&quot;}]}],&quot;settings&quot;:{&quot;animation&quot;:&quot;yes&quot;,&quot;animation_intime&quot;:200,&quot;animation_outtime&quot;:200,&quot;conditions_ui&quot;:&quot;normal&quot;,&quot;notice_dismissed&quot;:false}}\" \/>\n<\/fieldset>\n<div class=\"form contact-form\">\n\t<div class=\"form__block\">\n\t\t<p><span class=\"wpcf7-form-control-wrap\" data-name=\"mail-recipient\"><input size=\"40\" maxlength=\"400\" class=\"wpcf7-form-control wpcf7-text d-none\" id=\"mail-recipient\" aria-invalid=\"false\" value=\"\" type=\"text\" name=\"mail-recipient\" \/><\/span>\n\t\t<\/p>\n\t\t<h6>\u00bfA qui\u00e9n le gustar\u00eda contactar?\n\t\t<\/h6>\n\t\t<p>Please select*<br \/>\n<span class=\"wpcf7-form-control-wrap\" data-name=\"radio-962\"><span class=\"wpcf7-form-control wpcf7-radio custom-radio-buttons\" id=\"request_type\"><span class=\"wpcf7-list-item first\"><label><input type=\"radio\" name=\"radio-962\" value=\"Business Sales\" checked=\"checked\" \/><span class=\"wpcf7-list-item-label\">Business Sales<\/span><\/label><\/span><span class=\"wpcf7-list-item\"><label><input type=\"radio\" name=\"radio-962\" value=\"Private Sales\" \/><span class=\"wpcf7-list-item-label\">Private Sales<\/span><\/label><\/span><span class=\"wpcf7-list-item last\"><label><input type=\"radio\" name=\"radio-962\" value=\"Press\" \/><span class=\"wpcf7-list-item-label\">Press<\/span><\/label><\/span><\/span><\/span>\n\t\t<\/p>\n\t\t<h6>Por favor, ingrese sus datos de contacto.\n\t\t<\/h6>\n\t<\/div>\n\t<div class=\"form__col\">\n\t\t<p><label>Nombre*<\/label><span class=\"wpcf7-form-control-wrap\" data-name=\"your-name\"><input size=\"40\" maxlength=\"400\" class=\"wpcf7-form-control wpcf7-text wpcf7-validates-as-required\" aria-required=\"true\" aria-invalid=\"false\" value=\"\" type=\"text\" name=\"your-name\" \/><\/span>\n\t\t<\/p>\n\t<\/div>\n\t<div data-id=\"opt12\" data-orig_data_id=\"opt12\"  class=\"\" data-class=\"wpcf7cf_group\">\n\t\t<div class=\"form__col opt opt1\">\n\t\t\t<p><label>Nombre del hotel \/ Nombre de la empresa*<\/label><span class=\"wpcf7-form-control-wrap\" data-name=\"company-name\"><input size=\"40\" maxlength=\"400\" class=\"wpcf7-form-control wpcf7-text wpcf7-validates-as-required\" aria-required=\"true\" aria-invalid=\"false\" value=\"\" type=\"text\" name=\"company-name\" \/><\/span>\n\t\t\t<\/p>\n\t\t<\/div>\n\t<\/div>\n\t<div class=\"form__col\">\n\t\t<p><label>Direcci\u00f3n<\/label><span class=\"wpcf7-form-control-wrap\" data-name=\"address\"><input size=\"40\" maxlength=\"400\" class=\"wpcf7-form-control wpcf7-text\" aria-invalid=\"false\" value=\"\" type=\"text\" name=\"address\" \/><\/span>\n\t\t<\/p>\n\t<\/div>\n\t<div class=\"form__col\">\n\t\t<div class=\"form__row address-group\">\n\t\t\t<div class=\"form__col\">\n\t\t\t\t<p><label>C\u00f3digo postal<\/label><span class=\"wpcf7-form-control-wrap\" data-name=\"your-zip\"><input size=\"40\" maxlength=\"400\" class=\"wpcf7-form-control wpcf7-text\" aria-invalid=\"false\" value=\"\" type=\"text\" name=\"your-zip\" \/><\/span>\n\t\t\t\t<\/p>\n\t\t\t<\/div>\n\t\t\t<div class=\"form__col\">\n\t\t\t\t<p><label>Ciudad<\/label><span class=\"wpcf7-form-control-wrap\" data-name=\"your-city\"><input size=\"40\" maxlength=\"400\" class=\"wpcf7-form-control wpcf7-text\" aria-invalid=\"false\" value=\"\" type=\"text\" name=\"your-city\" \/><\/span>\n\t\t\t\t<\/p>\n\t\t\t<\/div>\n\t\t<\/div>\n\t<\/div>\n\t<div data-id=\"opt24\" data-orig_data_id=\"opt24\"  class=\"\" data-class=\"wpcf7cf_group\">\n\t\t<div class=\"form__col opt opt2 opt3\">\n\t\t\t<p><label>Pa\u00eds*<\/label><span class=\"wpcf7-form-control-wrap\" data-name=\"dynamic-country-select\"><select class=\"wpcf7-form-control wpcf7-select wpcf7-validates-as-required styled-select\" aria-required=\"true\" aria-invalid=\"false\" name=\"dynamic-country-select\"><option value=\"\">&#8212;Por favor, elige una opci\u00f3n&#8212;<\/option><option value=\"Stefan.Schmidt@ada-cosmetics.update.betacenter.net\">Albania<\/option><option value=\"andrea.illhardt@ada-cosmetics.update.betacenter.net\">Alemania<\/option><option value=\"sales.uae@ada-cosmetics.update.betacenter.net\">Arabia Saud\u00ed<\/option><option value=\"sales.apac@ada-cosmetics.update.betacenter.net\">Australia<\/option><option value=\"info.at@ada-cosmetics.update.betacenter.net\">Austria<\/option><option value=\"Stefan.Schmidt@ada-cosmetics.update.betacenter.net\">Azerbaiy\u00e1n<\/option><option value=\"sales.uae@ada-cosmetics.update.betacenter.net\">Bar\u00e9in<\/option><option value=\"christophe.vanagtmael@ada-cosmetics.update.betacenter.net\">B\u00e9lgica<\/option><option value=\"Stefan.Schmidt@ada-cosmetics.update.betacenter.net\">Bosnia y Herzegovina<\/option><option value=\"Stefan.Schmidt@ada-cosmetics.update.betacenter.net\">Bulgaria<\/option><option value=\"sales.apac@ada-cosmetics.update.betacenter.net\">Camboya<\/option><option value=\"paul.weber@ada-cosmetics.update.betacenter.net\">Canad\u00e1<\/option><option value=\"sales.uae@ada-cosmetics.update.betacenter.net\">Catar<\/option><option value=\"sales.apac@ada-cosmetics.update.betacenter.net\">China<\/option><option value=\"Stefan.Schmidt@ada-cosmetics.update.betacenter.net\">Chipre<\/option><option value=\"sales.apac@ada-cosmetics.update.betacenter.net\">Corea del Sur<\/option><option value=\"Stefan.Schmidt@ada-cosmetics.update.betacenter.net\">Croacia<\/option><option value=\"Stefan.Schmidt@ada-cosmetics.update.betacenter.net\">Dinamarca<\/option><option value=\"sales.uae@ada-cosmetics.update.betacenter.net\">Egipto<\/option><option value=\"sales.uae@ada-cosmetics.update.betacenter.net\">Emiratos \u00c1rabes Unidos<\/option><option value=\"Milos.Moravek@ada-cosmetics.update.betacenter.net\">Eslovaquia<\/option><option value=\"Stefan.Schmidt@ada-cosmetics.update.betacenter.net\">Eslovenia<\/option><option value=\"info.es@ada-cosmetics.update.betacenter.net\">Espa\u00f1a<\/option><option value=\"orders.us@ada-cosmetics.update.betacenter.net\">Estados Unidos<\/option><option value=\"Stefan.Schmidt@ada-cosmetics.update.betacenter.net\">Estonia<\/option><option value=\"Stefan.Schmidt@ada-cosmetics.update.betacenter.net\">Finlandia<\/option><option value=\"info.fr@ada-international.com\">Francia<\/option><option value=\"Stefan.Schmidt@ada-cosmetics.update.betacenter.net\">Grecia<\/option><option value=\"sales.apac@ada-cosmetics.update.betacenter.net\">Hong Kong<\/option><option value=\"Stefan.Schmidt@ada-cosmetics.update.betacenter.net\">Hungr\u00eda<\/option><option value=\"sales.uae@ada-cosmetics.update.betacenter.net\">India<\/option><option value=\"sales.apac@ada-cosmetics.update.betacenter.net\">Indonesia<\/option><option value=\"sales.uae@ada-cosmetics.update.betacenter.net\">Irak<\/option><option value=\"sales.uk@ada-cosmetics.update.betacenter.net\">Irlanda<\/option><option value=\"Stefan.Schmidt@ada-cosmetics.update.betacenter.net\">Israel<\/option><option value=\"info.at@ada-cosmetics.update.betacenter.net\">Italia<\/option><option value=\"sales.apac@ada-cosmetics.update.betacenter.net\">Jap\u00f3n<\/option><option value=\"sales.uae@ada-cosmetics.update.betacenter.net\">Kuwait<\/option><option value=\"Stefan.Schmidt@ada-cosmetics.update.betacenter.net\">Letonia<\/option><option value=\"sales.uae@ada-cosmetics.update.betacenter.net\">L\u00edbano<\/option><option value=\"Stefan.Schmidt@ada-cosmetics.update.betacenter.net\">Lituania<\/option><option value=\"christophe.vanagtmael@ada-cosmetics.update.betacenter.net\">Luxemburgo<\/option><option value=\"sales.apac@ada-cosmetics.update.betacenter.net\">Macao<\/option><option value=\"Stefan.Schmidt@ada-cosmetics.update.betacenter.net\">Macedonia<\/option><option value=\"sales.apac@ada-cosmetics.update.betacenter.net\">Malasia<\/option><option value=\"sales.uae@ada-cosmetics.update.betacenter.net\">Maldivas<\/option><option value=\"Stefan.Schmidt@ada-cosmetics.update.betacenter.net\">Malta<\/option><option value=\"Stefan.Schmidt@ada-cosmetics.update.betacenter.net\">Moldavia<\/option><option value=\"Stefan.Schmidt@ada-cosmetics.update.betacenter.net\">Montenegro<\/option><option value=\"Stefan.Schmidt@ada-cosmetics.update.betacenter.net\">Noruega<\/option><option value=\"sales.uae@ada-cosmetics.update.betacenter.net\">Om\u00e1n<\/option><option value=\"christophe.vanagtmael@ada-cosmetics.update.betacenter.net\">Pa\u00edses Bajos<\/option><option value=\"sales.uae@ada-cosmetics.update.betacenter.net\">Pakist\u00e1n<\/option><option value=\"waldemar.tkaczyk@ada-cosmetics.update.betacenter.net\">Polonia<\/option><option value=\"info.es@ada-cosmetics.update.betacenter.net\">Portugal<\/option><option value=\"sales.uk@ada-cosmetics.update.betacenter.net\">Reino Unido<\/option><option value=\"sales.uae@ada-cosmetics.update.betacenter.net\">Rep\u00fablica Centroafricana<\/option><option value=\"Milos.Moravek@ada-cosmetics.update.betacenter.net\">Rep\u00fablica Checa<\/option><option value=\"Stefan.Schmidt@ada-cosmetics.update.betacenter.net\">Ruman\u00eda<\/option><option value=\"Stefan.Schmidt@ada-cosmetics.update.betacenter.net\">Serbia<\/option><option value=\"sales.uae@ada-cosmetics.update.betacenter.net\">Seychelles<\/option><option value=\"sales.apac@ada-cosmetics.update.betacenter.net\">Singapur<\/option><option value=\"sales.uae@ada-cosmetics.update.betacenter.net\">Sri Lanka<\/option><option value=\"sales.uae@ada-cosmetics.update.betacenter.net\">Sud\u00e1frica<\/option><option value=\"Stefan.Schmidt@ada-cosmetics.update.betacenter.net\">Suecia<\/option><option value=\"info.ch@ada-cosmetics.update.betacenter.net\">Suiza<\/option><option value=\"sales.apac@ada-cosmetics.update.betacenter.net\">Tailandia<\/option><option value=\"Stefan.Schmidt@ada-cosmetics.update.betacenter.net\">Turqu\u00eda<\/option><option value=\"Stefan.Schmidt@ada-cosmetics.update.betacenter.net\">Ucrania<\/option><option value=\"sales.apac@ada-cosmetics.update.betacenter.net\">Vietnam<\/option><option value=\"info@ada-cosmetics.update.betacenter.net\">Otro<\/option><\/select><\/span>\n\t\t\t<input class=\"wpcf7-form-control wpcf7-hidden\" value=\"\" type=\"hidden\" name=\"dynamic-country-select-label\" \/>\n\t\t\t<\/p>\n\t\t<\/div>\n\t<\/div>\n\t<div data-id=\"opt24\" data-orig_data_id=\"opt24\"  class=\"\" data-class=\"wpcf7cf_group\">\n\t\t<div class=\"form__col other-country-field\">\n\t\t\t<p><label>Otro pa\u00eds<\/label><span class=\"wpcf7-form-control-wrap\" data-name=\"other-country\"><input size=\"40\" maxlength=\"400\" class=\"wpcf7-form-control wpcf7-text\" aria-invalid=\"false\" value=\"\" type=\"text\" name=\"other-country\" \/><\/span>\n\t\t\t<\/p>\n\t\t<\/div>\n\t<\/div>\n\t<div class=\"clear\">\n\t<\/div>\n\t<div class=\"form__col\">\n\t\t<p><label>E-Mail*<\/label><span class=\"wpcf7-form-control-wrap\" data-name=\"your-email\"><input size=\"40\" maxlength=\"400\" class=\"wpcf7-form-control wpcf7-email wpcf7-validates-as-required wpcf7-text wpcf7-validates-as-email\" aria-required=\"true\" aria-invalid=\"false\" value=\"\" type=\"email\" name=\"your-email\" \/><\/span>\n\t\t<\/p>\n\t<\/div>\n\t<div class=\"form__col\">\n\t\t<p><label>Tel\u00e9fono<\/label><span class=\"wpcf7-form-control-wrap\" data-name=\"your-phone\"><input size=\"40\" maxlength=\"400\" class=\"wpcf7-form-control wpcf7-tel wpcf7-text wpcf7-validates-as-tel\" aria-invalid=\"false\" value=\"\" type=\"tel\" name=\"your-phone\" \/><\/span>\n\t\t<\/p>\n\t<\/div>\n\t<div class=\"form__block\">\n\t\t<h6>Por favor, ingrese su mensaje para nosotros.\n\t\t<\/h6>\n\t<\/div>\n\t<div class=\"clear\">\n\t<\/div>\n\t<div class=\"form__block\">\n\t\t<p><label>Your message<\/label><span class=\"wpcf7-form-control-wrap\" data-name=\"your-message\"><textarea cols=\"40\" rows=\"10\" maxlength=\"2000\" class=\"wpcf7-form-control wpcf7-textarea\" aria-invalid=\"false\" name=\"your-message\"><\/textarea><\/span>\n\t\t<\/p>\n\t\t<p class=\"pp\"><span class=\"wpcf7-form-control-wrap\" data-name=\"checkbox-745\"><span class=\"wpcf7-form-control wpcf7-checkbox wpcf7-validates-as-required styled\"><span class=\"wpcf7-list-item first last\"><label><input type=\"checkbox\" name=\"checkbox-745[]\" value=\"Pol\u00edtica de privacidad*\" \/><span class=\"wpcf7-list-item-label\">Pol\u00edtica de privacidad*<\/span><\/label><\/span><\/span><\/span> S\u00ed, he tomado nota de la <a href=\"https:\/\/ada-cosmetics.update.betacenter.net\/privacy-policy\/\">pol\u00edtica de privacidad<\/a> de esta p\u00e1gina y acepto expresamente que los datos que he facilitado sean recogidos y almacenados electr\u00f3nicamente. Mis datos s\u00f3lo se utilizar\u00e1n estrictamente para tramitar y responder a mi consulta. Nota: Puede revocar su consentimiento para el futuro en cualquier momento enviando un correo electr\u00f3nico a <a href=\"mailto:info@ada-cosmetics.update.betacenter.net\">info@ada-cosmetics.update.betacenter.net<\/a>.\n\t\t<\/p>\n\t\t<p class=\"pp\"><span class=\"wpcf7-form-control-wrap\" data-name=\"accept-this-1\"><span class=\"wpcf7-form-control wpcf7-acceptance\"><span class=\"wpcf7-list-item\"><label><input type=\"checkbox\" name=\"accept-this-1\" value=\"1\" aria-invalid=\"false\" \/><span class=\"wpcf7-list-item-label\">Acepto que mis datos personales puedan ser utilizados con fines de marketing relacionados con ADA Cosmetics.<\/span><\/label><\/span><\/span><\/span>\n\t\t<\/p>\n\t<div class=\"wpcf7-response-output\" aria-hidden=\"true\"><\/div>\n\t\t<p class=\"submit\"><input class=\"wpcf7-form-control wpcf7-submit has-spinner button\" type=\"submit\" value=\"SUBMIT\" \/>\n\t\t<\/p>\n\t<\/div>\n<\/div>\n<\/form>\n<\/div>\n\n","protected":false},"excerpt":{"rendered":"","protected":false},"author":2,"featured_media":30220,"parent":0,"menu_order":0,"comment_status":"closed","ping_status":"closed","template":"page-templates\/contact-page.php","meta":{"_acf_changed":false,"footnotes":""},"class_list":["post-10967","page","type-page","status-publish","has-post-thumbnail","hentry","has_thumb"],"acf":[],"_links":{"self":[{"href":"https:\/\/ada-cosmetics.update.betacenter.net\/es\/wp-json\/wp\/v2\/pages\/10967","targetHints":{"allow":["GET"]}}],"collection":[{"href":"https:\/\/ada-cosmetics.update.betacenter.net\/es\/wp-json\/wp\/v2\/pages"}],"about":[{"href":"https:\/\/ada-cosmetics.update.betacenter.net\/es\/wp-json\/wp\/v2\/types\/page"}],"author":[{"embeddable":true,"href":"https:\/\/ada-cosmetics.update.betacenter.net\/es\/wp-json\/wp\/v2\/users\/2"}],"replies":[{"embeddable":true,"href":"https:\/\/ada-cosmetics.update.betacenter.net\/es\/wp-json\/wp\/v2\/comments?post=10967"}],"version-history":[{"count":5,"href":"https:\/\/ada-cosmetics.update.betacenter.net\/es\/wp-json\/wp\/v2\/pages\/10967\/revisions"}],"predecessor-version":[{"id":30073,"href":"https:\/\/ada-cosmetics.update.betacenter.net\/es\/wp-json\/wp\/v2\/pages\/10967\/revisions\/30073"}],"wp:featuredmedia":[{"embeddable":true,"href":"https:\/\/ada-cosmetics.update.betacenter.net\/es\/wp-json\/wp\/v2\/media\/30220"}],"wp:attachment":[{"href":"https:\/\/ada-cosmetics.update.betacenter.net\/es\/wp-json\/wp\/v2\/media?parent=10967"}],"curies":[{"name":"wp","href":"https:\/\/api.w.org\/{rel}","templated":true}]}}