{"id":7040,"date":"2022-07-06T16:56:33","date_gmt":"2022-07-06T14:56:33","guid":{"rendered":"https:\/\/ada-corporate.scalecommerce.cloud\/legal_notice\/"},"modified":"2024-07-25T22:52:45","modified_gmt":"2024-07-25T20:52:45","slug":"impressum","status":"publish","type":"page","link":"https:\/\/ada-cosmetics.update.betacenter.net\/de\/impressum\/","title":{"rendered":"Impressum"},"content":{"rendered":"<p>ADA Cosmetics International GmbH<br \/>\nRastatter Stra\u00dfe 2A<br \/>\n77694 Kehl, Deutschland<\/p>\n<p>Gesch\u00e4ftsf\u00fchrer:<br \/>\nLutz H\u00fcbner, Benjamin Jorberg<\/p>\n<p>Registergericht: Amtsgericht Freiburg<br \/>\nRegisternummer: HRB 700719<\/p>\n<p><span class=\"legal-org_uid\">Umsatzsteuer-Identifikationsnummer gem\u00e4\u00df \u00a7 27 a Umsatzsteuergesetz: DE252459565<\/span><\/p>\n<p>Zust\u00e4ndige Aufsichtsbeh\u00f6rde: Amtsgericht Freiburg<\/p>\n<h3>Kontakt<\/h3>\n<p>Telefon: +49 (0) 7853 898 0<br \/>\nE-Mail: info@ada-cosmetics.update.betacenter.net<\/p>\n<h3>Haftungshinweis<\/h3>\n<p>Trotz sorgf\u00e4ltiger inhaltlicher Kontrolle \u00fcbernehmen wir keine Haftung f\u00fcr die Inhalte externer Links.<br \/>\nF\u00fcr den Inhalt der verlinkten Seiten sind ausschlie\u00dflich deren Betreiber verantwortlich.<\/p>\n<h3>Hinweis zur Online-Streitbeilegung<\/h3>\n<p>Die Europ\u00e4ische Kommission stellt eine Plattform zur Online-Streitbeilegung bereit, die Sie unter <a href=\"http:\/\/ec.europa.eu\/consumers\/odr\/\" rel=\"noopener nofollow\">http:\/\/ec.europa.eu\/consumers\/odr\/<\/a> finden.<\/p>\n<p>Zur Teilnahme sind wir nicht bereit und nicht verpflichtet.<\/p>\n","protected":false},"excerpt":{"rendered":"<p>ADA Cosmetics International GmbH Rastatter Stra\u00dfe 2A 77694 Kehl, Deutschland Gesch\u00e4ftsf\u00fchrer: Lutz H\u00fcbner, Benjamin Jorberg Registergericht: Amtsgericht Freiburg Registernummer: HRB 700719 Umsatzsteuer-Identifikationsnummer gem\u00e4\u00df \u00a7 27 a Umsatzsteuergesetz: DE252459565 Zust\u00e4ndige Aufsichtsbeh\u00f6rde: &#8230;<\/p>\n","protected":false},"author":2,"featured_media":0,"parent":0,"menu_order":53,"comment_status":"closed","ping_status":"closed","template":"page-templates\/sidebar-page.php","meta":{"_acf_changed":false,"footnotes":""},"class_list":["post-7040","page","type-page","status-publish","hentry"],"acf":[],"_links":{"self":[{"href":"https:\/\/ada-cosmetics.update.betacenter.net\/de\/wp-json\/wp\/v2\/pages\/7040","targetHints":{"allow":["GET"]}}],"collection":[{"href":"https:\/\/ada-cosmetics.update.betacenter.net\/de\/wp-json\/wp\/v2\/pages"}],"about":[{"href":"https:\/\/ada-cosmetics.update.betacenter.net\/de\/wp-json\/wp\/v2\/types\/page"}],"author":[{"embeddable":true,"href":"https:\/\/ada-cosmetics.update.betacenter.net\/de\/wp-json\/wp\/v2\/users\/2"}],"replies":[{"embeddable":true,"href":"https:\/\/ada-cosmetics.update.betacenter.net\/de\/wp-json\/wp\/v2\/comments?post=7040"}],"version-history":[{"count":9,"href":"https:\/\/ada-cosmetics.update.betacenter.net\/de\/wp-json\/wp\/v2\/pages\/7040\/revisions"}],"predecessor-version":[{"id":23844,"href":"https:\/\/ada-cosmetics.update.betacenter.net\/de\/wp-json\/wp\/v2\/pages\/7040\/revisions\/23844"}],"wp:attachment":[{"href":"https:\/\/ada-cosmetics.update.betacenter.net\/de\/wp-json\/wp\/v2\/media?parent=7040"}],"curies":[{"name":"wp","href":"https:\/\/api.w.org\/{rel}","templated":true}]}}