{"id":6992,"date":"2023-01-30T23:43:27","date_gmt":"2023-01-30T22:43:27","guid":{"rendered":"https:\/\/ada-corporate.scalecommerce.cloud\/contact\/"},"modified":"2024-12-11T22:13:49","modified_gmt":"2024-12-11T21:13:49","slug":"kontakt","status":"publish","type":"page","link":"https:\/\/ada-cosmetics.update.betacenter.net\/de\/kontakt\/","title":{"rendered":"Kontakt"},"content":{"rendered":"\n<div class=\"wpcf7 no-js\" id=\"wpcf7-f30069-o1\" lang=\"de-DE\" dir=\"ltr\" data-wpcf7-id=\"30069\">\n<div class=\"screen-reader-response\"><p role=\"status\" aria-live=\"polite\" aria-atomic=\"true\"><\/p> <ul><\/ul><\/div>\n<form action=\"\/de\/wp-json\/wp\/v2\/pages\/6992#wpcf7-f30069-o1\" method=\"post\" class=\"wpcf7-form init\" aria-label=\"Kontaktformular\" novalidate=\"novalidate\" data-status=\"init\">\n<fieldset class=\"hidden-fields-container\"><input type=\"hidden\" name=\"_wpcf7\" value=\"30069\" \/><input type=\"hidden\" name=\"_wpcf7_version\" value=\"6.1\" \/><input type=\"hidden\" name=\"_wpcf7_locale\" value=\"de_DE\" \/><input type=\"hidden\" name=\"_wpcf7_unit_tag\" value=\"wpcf7-f30069-o1\" \/><input type=\"hidden\" name=\"_wpcf7_container_post\" value=\"0\" \/><input type=\"hidden\" name=\"_wpcf7_posted_data_hash\" value=\"\" \/><input type=\"hidden\" name=\"_wpcf7cf_hidden_group_fields\" value=\"[]\" \/><input type=\"hidden\" name=\"_wpcf7cf_hidden_groups\" value=\"[]\" \/><input type=\"hidden\" name=\"_wpcf7cf_visible_groups\" value=\"[]\" \/><input type=\"hidden\" name=\"_wpcf7cf_repeaters\" value=\"[]\" \/><input type=\"hidden\" name=\"_wpcf7cf_steps\" value=\"{}\" \/><input type=\"hidden\" name=\"_wpcf7cf_options\" value=\"{&quot;form_id&quot;:30069,&quot;conditions&quot;:[{&quot;then_field&quot;:&quot;opt12&quot;,&quot;and_rules&quot;:[{&quot;if_field&quot;:&quot;radio-962&quot;,&quot;operator&quot;:&quot;equals&quot;,&quot;if_value&quot;:&quot;Business Sales&quot;}]},{&quot;then_field&quot;:&quot;opt24&quot;,&quot;and_rules&quot;:[{&quot;if_field&quot;:&quot;radio-962&quot;,&quot;operator&quot;:&quot;equals&quot;,&quot;if_value&quot;:&quot;Business Sales&quot;}]},{&quot;then_field&quot;:&quot;opt24&quot;,&quot;and_rules&quot;:[{&quot;if_field&quot;:&quot;radio-962&quot;,&quot;operator&quot;:&quot;equals&quot;,&quot;if_value&quot;:&quot;Private Sales&quot;}]},{&quot;then_field&quot;:&quot;opt24&quot;,&quot;and_rules&quot;:[{&quot;if_field&quot;:&quot;radio-962&quot;,&quot;operator&quot;:&quot;equals&quot;,&quot;if_value&quot;:&quot;Press&quot;}]}],&quot;settings&quot;:{&quot;animation&quot;:&quot;yes&quot;,&quot;animation_intime&quot;:200,&quot;animation_outtime&quot;:200,&quot;conditions_ui&quot;:&quot;normal&quot;,&quot;notice_dismissed&quot;:false}}\" \/>\n<\/fieldset>\n<div class=\"form contact-form\">\n\t<div class=\"form__block\">\n\t\t<p><span class=\"wpcf7-form-control-wrap\" data-name=\"mail-recipient\"><input size=\"40\" maxlength=\"400\" class=\"wpcf7-form-control wpcf7-text d-none\" id=\"mail-recipient\" aria-invalid=\"false\" value=\"\" type=\"text\" name=\"mail-recipient\" \/><\/span>\n\t\t<\/p>\n\t\t<h6>Wen m\u00f6chten Sie kontaktieren?\n\t\t<\/h6>\n\t\t<p>Bitte ausw\u00e4hlen*<br \/>\n<span class=\"wpcf7-form-control-wrap\" data-name=\"radio-962\"><span class=\"wpcf7-form-control wpcf7-radio custom-radio-buttons\" id=\"request_type\"><span class=\"wpcf7-list-item first\"><label><input type=\"radio\" name=\"radio-962\" value=\"Business Sales\" checked=\"checked\" \/><span class=\"wpcf7-list-item-label\">Business Sales<\/span><\/label><\/span><span class=\"wpcf7-list-item\"><label><input type=\"radio\" name=\"radio-962\" value=\"Private Sales\" \/><span class=\"wpcf7-list-item-label\">Private Sales<\/span><\/label><\/span><span class=\"wpcf7-list-item last\"><label><input type=\"radio\" name=\"radio-962\" value=\"Press\" \/><span class=\"wpcf7-list-item-label\">Press<\/span><\/label><\/span><\/span><\/span>\n\t\t<\/p>\n\t\t<h6>Bitte geben Sie Ihre Kontaktdaten ein.\n\t\t<\/h6>\n\t<\/div>\n\t<div class=\"form__col\">\n\t\t<p><label>Name*<\/label><span class=\"wpcf7-form-control-wrap\" data-name=\"your-name\"><input size=\"40\" maxlength=\"400\" class=\"wpcf7-form-control wpcf7-text wpcf7-validates-as-required\" aria-required=\"true\" aria-invalid=\"false\" value=\"\" type=\"text\" name=\"your-name\" \/><\/span>\n\t\t<\/p>\n\t<\/div>\n\t<div data-id=\"opt12\" data-orig_data_id=\"opt12\"  class=\"\" data-class=\"wpcf7cf_group\">\n\t\t<div class=\"form__col opt opt1\">\n\t\t\t<p><label>Hotelname \/ Firmenname*<\/label><span class=\"wpcf7-form-control-wrap\" data-name=\"company-name\"><input size=\"40\" maxlength=\"400\" class=\"wpcf7-form-control wpcf7-text wpcf7-validates-as-required\" aria-required=\"true\" aria-invalid=\"false\" value=\"\" type=\"text\" name=\"company-name\" \/><\/span>\n\t\t\t<\/p>\n\t\t<\/div>\n\t<\/div>\n\t<div class=\"form__col\">\n\t\t<p><label>Adresse<\/label><span class=\"wpcf7-form-control-wrap\" data-name=\"address\"><input size=\"40\" maxlength=\"400\" class=\"wpcf7-form-control wpcf7-text\" aria-invalid=\"false\" value=\"\" type=\"text\" name=\"address\" \/><\/span>\n\t\t<\/p>\n\t<\/div>\n\t<div class=\"form__col\">\n\t\t<div class=\"form__row address-group\">\n\t\t\t<div class=\"form__col\">\n\t\t\t\t<p><label>PLZ<\/label><span class=\"wpcf7-form-control-wrap\" data-name=\"your-zip\"><input size=\"40\" maxlength=\"400\" class=\"wpcf7-form-control wpcf7-text\" aria-invalid=\"false\" value=\"\" type=\"text\" name=\"your-zip\" \/><\/span>\n\t\t\t\t<\/p>\n\t\t\t<\/div>\n\t\t\t<div class=\"form__col\">\n\t\t\t\t<p><label>Stadt<\/label><span class=\"wpcf7-form-control-wrap\" data-name=\"your-city\"><input size=\"40\" maxlength=\"400\" class=\"wpcf7-form-control wpcf7-text\" aria-invalid=\"false\" value=\"\" type=\"text\" name=\"your-city\" \/><\/span>\n\t\t\t\t<\/p>\n\t\t\t<\/div>\n\t\t<\/div>\n\t<\/div>\n\t<div data-id=\"opt24\" data-orig_data_id=\"opt24\"  class=\"\" data-class=\"wpcf7cf_group\">\n\t\t<div class=\"form__col opt opt2 opt3\">\n\t\t\t<p><label>Land*<\/label><span class=\"wpcf7-form-control-wrap\" data-name=\"dynamic-country-select\"><select class=\"wpcf7-form-control wpcf7-select wpcf7-validates-as-required styled-select\" aria-required=\"true\" aria-invalid=\"false\" name=\"dynamic-country-select\"><option value=\"\">&#8211; Bitte ausw\u00e4hlen &#8211;<\/option><option value=\"sales.uae@ada-cosmetics.update.betacenter.net\">\u00c4gypten<\/option><option value=\"Stefan.Schmidt@ada-cosmetics.update.betacenter.net\">Albanien<\/option><option value=\"Stefan.Schmidt@ada-cosmetics.update.betacenter.net\">Aserbaidschan<\/option><option value=\"sales.apac@ada-cosmetics.update.betacenter.net\">Australien<\/option><option value=\"sales.uae@ada-cosmetics.update.betacenter.net\">Bahrain<\/option><option value=\"christophe.vanagtmael@ada-cosmetics.update.betacenter.net\">Belgien<\/option><option value=\"Stefan.Schmidt@ada-cosmetics.update.betacenter.net\">Bosnien und Herzegowina<\/option><option value=\"Stefan.Schmidt@ada-cosmetics.update.betacenter.net\">Bulgarien<\/option><option value=\"sales.apac@ada-cosmetics.update.betacenter.net\">China<\/option><option value=\"Stefan.Schmidt@ada-cosmetics.update.betacenter.net\">D\u00e4nemark<\/option><option value=\"andrea.illhardt@ada-cosmetics.update.betacenter.net\">Deutschland<\/option><option value=\"Stefan.Schmidt@ada-cosmetics.update.betacenter.net\">Estland<\/option><option value=\"Stefan.Schmidt@ada-cosmetics.update.betacenter.net\">Finnland<\/option><option value=\"info.fr@ada-international.com\">Frankreich<\/option><option value=\"Stefan.Schmidt@ada-cosmetics.update.betacenter.net\">Griechenland<\/option><option value=\"sales.apac@ada-cosmetics.update.betacenter.net\">Hongkong<\/option><option value=\"sales.uae@ada-cosmetics.update.betacenter.net\">Indien<\/option><option value=\"sales.apac@ada-cosmetics.update.betacenter.net\">Indonesien<\/option><option value=\"sales.uae@ada-cosmetics.update.betacenter.net\">Irak<\/option><option value=\"sales.uk@ada-cosmetics.update.betacenter.net\">Irland<\/option><option value=\"Stefan.Schmidt@ada-cosmetics.update.betacenter.net\">Israel<\/option><option value=\"info.at@ada-cosmetics.update.betacenter.net\">Italien<\/option><option value=\"sales.apac@ada-cosmetics.update.betacenter.net\">Japan<\/option><option value=\"sales.apac@ada-cosmetics.update.betacenter.net\">Kambodscha<\/option><option value=\"paul.weber@ada-cosmetics.update.betacenter.net\">Kanada<\/option><option value=\"sales.uae@ada-cosmetics.update.betacenter.net\">Katar<\/option><option value=\"Stefan.Schmidt@ada-cosmetics.update.betacenter.net\">Kroatien<\/option><option value=\"sales.uae@ada-cosmetics.update.betacenter.net\">Kuwait<\/option><option value=\"Stefan.Schmidt@ada-cosmetics.update.betacenter.net\">Lettland<\/option><option value=\"sales.uae@ada-cosmetics.update.betacenter.net\">Libanon<\/option><option value=\"Stefan.Schmidt@ada-cosmetics.update.betacenter.net\">Litauen<\/option><option value=\"christophe.vanagtmael@ada-cosmetics.update.betacenter.net\">Luxemburg<\/option><option value=\"sales.apac@ada-cosmetics.update.betacenter.net\">Macau<\/option><option value=\"sales.apac@ada-cosmetics.update.betacenter.net\">Malaysia<\/option><option value=\"sales.uae@ada-cosmetics.update.betacenter.net\">Malediven<\/option><option value=\"Stefan.Schmidt@ada-cosmetics.update.betacenter.net\">Malta<\/option><option value=\"Stefan.Schmidt@ada-cosmetics.update.betacenter.net\">Mazedonien<\/option><option value=\"Stefan.Schmidt@ada-cosmetics.update.betacenter.net\">Moldawien<\/option><option value=\"Stefan.Schmidt@ada-cosmetics.update.betacenter.net\">Montenegro<\/option><option value=\"christophe.vanagtmael@ada-cosmetics.update.betacenter.net\">Niederlande<\/option><option value=\"Stefan.Schmidt@ada-cosmetics.update.betacenter.net\">Norwegen<\/option><option value=\"sales.uae@ada-cosmetics.update.betacenter.net\">Oman<\/option><option value=\"info.at@ada-cosmetics.update.betacenter.net\">\u00d6sterreich<\/option><option value=\"sales.uae@ada-cosmetics.update.betacenter.net\">Pakistan<\/option><option value=\"waldemar.tkaczyk@ada-cosmetics.update.betacenter.net\">Polen<\/option><option value=\"info.es@ada-cosmetics.update.betacenter.net\">Portugal<\/option><option value=\"Stefan.Schmidt@ada-cosmetics.update.betacenter.net\">Rum\u00e4nien<\/option><option value=\"sales.uae@ada-cosmetics.update.betacenter.net\">Saudi-Arabien<\/option><option value=\"Stefan.Schmidt@ada-cosmetics.update.betacenter.net\">Schweden<\/option><option value=\"info.ch@ada-cosmetics.update.betacenter.net\">Schweiz<\/option><option value=\"Stefan.Schmidt@ada-cosmetics.update.betacenter.net\">Serbien<\/option><option value=\"sales.uae@ada-cosmetics.update.betacenter.net\">Seychellen<\/option><option value=\"sales.apac@ada-cosmetics.update.betacenter.net\">Singapur<\/option><option value=\"Milos.Moravek@ada-cosmetics.update.betacenter.net\">Slowakei<\/option><option value=\"Stefan.Schmidt@ada-cosmetics.update.betacenter.net\">Slowenien<\/option><option value=\"info.es@ada-cosmetics.update.betacenter.net\">Spanien<\/option><option value=\"sales.uae@ada-cosmetics.update.betacenter.net\">Sri Lanka<\/option><option value=\"sales.uae@ada-cosmetics.update.betacenter.net\">S\u00fcdafrika<\/option><option value=\"sales.apac@ada-cosmetics.update.betacenter.net\">S\u00fcdkorea<\/option><option value=\"sales.apac@ada-cosmetics.update.betacenter.net\">Thailand<\/option><option value=\"Milos.Moravek@ada-cosmetics.update.betacenter.net\">Tschechische Republik<\/option><option value=\"Stefan.Schmidt@ada-cosmetics.update.betacenter.net\">T\u00fcrkei<\/option><option value=\"Stefan.Schmidt@ada-cosmetics.update.betacenter.net\">Ukraine<\/option><option value=\"Stefan.Schmidt@ada-cosmetics.update.betacenter.net\">Ungarn<\/option><option value=\"sales.uae@ada-cosmetics.update.betacenter.net\">Vereinigte Arabische Emirate<\/option><option value=\"orders.us@ada-cosmetics.update.betacenter.net\">Vereinigte Staaten<\/option><option value=\"sales.uk@ada-cosmetics.update.betacenter.net\">Vereinigtes K\u00f6nigreich<\/option><option value=\"sales.apac@ada-cosmetics.update.betacenter.net\">Vietnam<\/option><option value=\"sales.uae@ada-cosmetics.update.betacenter.net\">Zentralafrikanische Republik<\/option><option value=\"Stefan.Schmidt@ada-cosmetics.update.betacenter.net\">Zypern<\/option><option value=\"info@ada-cosmetics.update.betacenter.net\">Andere<\/option><\/select><\/span>\n\t\t\t<input class=\"wpcf7-form-control wpcf7-hidden\" value=\"\" type=\"hidden\" name=\"dynamic-country-select-label\" \/>\n\t\t\t<\/p>\n\t\t<\/div>\n\t<\/div>\n\t<div data-id=\"opt24\" data-orig_data_id=\"opt24\"  class=\"\" data-class=\"wpcf7cf_group\">\n\t\t<div class=\"form__col other-country-field\">\n\t\t\t<p><label>Anderes Land<\/label><span class=\"wpcf7-form-control-wrap\" data-name=\"other-country\"><input size=\"40\" maxlength=\"400\" class=\"wpcf7-form-control wpcf7-text\" aria-invalid=\"false\" value=\"\" type=\"text\" name=\"other-country\" \/><\/span>\n\t\t\t<\/p>\n\t\t<\/div>\n\t<\/div>\n\t<div class=\"clear\">\n\t<\/div>\n\t<div class=\"form__col\">\n\t\t<p><label>E-Mail*<\/label><span class=\"wpcf7-form-control-wrap\" data-name=\"your-email\"><input size=\"40\" maxlength=\"400\" class=\"wpcf7-form-control wpcf7-email wpcf7-validates-as-required wpcf7-text wpcf7-validates-as-email\" aria-required=\"true\" aria-invalid=\"false\" value=\"\" type=\"email\" name=\"your-email\" \/><\/span>\n\t\t<\/p>\n\t<\/div>\n\t<div class=\"form__col\">\n\t\t<p><label>Telefon<\/label><span class=\"wpcf7-form-control-wrap\" data-name=\"your-phone\"><input size=\"40\" maxlength=\"400\" class=\"wpcf7-form-control wpcf7-tel wpcf7-text wpcf7-validates-as-tel\" aria-invalid=\"false\" value=\"\" type=\"tel\" name=\"your-phone\" \/><\/span>\n\t\t<\/p>\n\t<\/div>\n\t<div class=\"form__block\">\n\t\t<h6>Bitte geben Sie Ihre Nachricht f\u00fcr uns ein.\n\t\t<\/h6>\n\t<\/div>\n\t<div class=\"clear\">\n\t<\/div>\n\t<div class=\"form__block\">\n\t\t<p><label>Ihre Nachricht<\/label><span class=\"wpcf7-form-control-wrap\" data-name=\"your-message\"><textarea cols=\"40\" rows=\"10\" maxlength=\"2000\" class=\"wpcf7-form-control wpcf7-textarea\" aria-invalid=\"false\" name=\"your-message\"><\/textarea><\/span>\n\t\t<\/p>\n\t\t<p class=\"pp\"><span class=\"wpcf7-form-control-wrap\" data-name=\"checkbox-745\"><span class=\"wpcf7-form-control wpcf7-checkbox wpcf7-validates-as-required styled\"><span class=\"wpcf7-list-item first last\"><label><input type=\"checkbox\" name=\"checkbox-745[]\" value=\"Datenschutz*\" \/><span class=\"wpcf7-list-item-label\">Datenschutz*<\/span><\/label><\/span><\/span><\/span> Ja, ich habe die <a href=\"https:\/\/ada-cosmetics.update.betacenter.net\/privacy-policy\/\">Datenschutzerkl\u00e4rung<\/a> dieser Seite zur Kenntnis genommen und bin ausdr\u00fccklich damit einverstanden, dass die von mir angegebenen Daten elektronisch erhoben und gespeichert werden. Meine Daten werden dabei nur streng zweckgebunden zur Bearbeitung und Beantwortung meiner Anfrage genutzt! Hinweis: Sie k\u00f6nnen Ihre Einwilligung jederzeit f\u00fcr die Zukunft per E-Mail an <a href=\"mailto:info@ada-cosmetics.update.betacenter.net\">info@ada-cosmetics.update.betacenter.net<\/a> widerrufen.\n\t\t<\/p>\n\t\t<p class=\"pp\"><span class=\"wpcf7-form-control-wrap\" data-name=\"accept-this-1\"><span class=\"wpcf7-form-control wpcf7-acceptance\"><span class=\"wpcf7-list-item\"><label><input type=\"checkbox\" name=\"accept-this-1\" value=\"1\" aria-invalid=\"false\" \/><span class=\"wpcf7-list-item-label\">Ich stimme zu, dass meine pers\u00f6nlichen Daten f\u00fcr Marketingzwecke im Zusammenhang mit ADA Cosmetics verwendet werden d\u00fcrfen.<\/span><\/label><\/span><\/span><\/span>\n\t\t<\/p>\n\t<div class=\"wpcf7-response-output\" aria-hidden=\"true\"><\/div>\n\t\t<p class=\"submit\"><input class=\"wpcf7-form-control wpcf7-submit has-spinner button\" type=\"submit\" value=\"Absenden\" \/>\n\t\t<\/p>\n\t<\/div>\n<\/div>\n<\/form>\n<\/div>\n\n","protected":false},"excerpt":{"rendered":"","protected":false},"author":2,"featured_media":30219,"parent":0,"menu_order":0,"comment_status":"closed","ping_status":"closed","template":"page-templates\/contact-page.php","meta":{"_acf_changed":false,"footnotes":""},"class_list":["post-6992","page","type-page","status-publish","has-post-thumbnail","hentry","has_thumb"],"acf":[],"_links":{"self":[{"href":"https:\/\/ada-cosmetics.update.betacenter.net\/de\/wp-json\/wp\/v2\/pages\/6992","targetHints":{"allow":["GET"]}}],"collection":[{"href":"https:\/\/ada-cosmetics.update.betacenter.net\/de\/wp-json\/wp\/v2\/pages"}],"about":[{"href":"https:\/\/ada-cosmetics.update.betacenter.net\/de\/wp-json\/wp\/v2\/types\/page"}],"author":[{"embeddable":true,"href":"https:\/\/ada-cosmetics.update.betacenter.net\/de\/wp-json\/wp\/v2\/users\/2"}],"replies":[{"embeddable":true,"href":"https:\/\/ada-cosmetics.update.betacenter.net\/de\/wp-json\/wp\/v2\/comments?post=6992"}],"version-history":[{"count":6,"href":"https:\/\/ada-cosmetics.update.betacenter.net\/de\/wp-json\/wp\/v2\/pages\/6992\/revisions"}],"predecessor-version":[{"id":30072,"href":"https:\/\/ada-cosmetics.update.betacenter.net\/de\/wp-json\/wp\/v2\/pages\/6992\/revisions\/30072"}],"wp:featuredmedia":[{"embeddable":true,"href":"https:\/\/ada-cosmetics.update.betacenter.net\/de\/wp-json\/wp\/v2\/media\/30219"}],"wp:attachment":[{"href":"https:\/\/ada-cosmetics.update.betacenter.net\/de\/wp-json\/wp\/v2\/media?parent=6992"}],"curies":[{"name":"wp","href":"https:\/\/api.w.org\/{rel}","templated":true}]}}